{"id":378,"date":"2019-01-24T12:13:16","date_gmt":"2019-01-24T12:13:16","guid":{"rendered":"http:\/\/www.hausopderbeck.de\/?page_id=378"},"modified":"2019-03-08T14:12:36","modified_gmt":"2019-03-08T14:12:36","slug":"datenschutzerklaerung","status":"publish","type":"page","link":"https:\/\/hausopderbeck.de\/?page_id=378","title":{"rendered":"Datenschutzerkl\u00e4rung"},"content":{"rendered":"<p>Datenschutzerkl\u00e4rung<\/p>\n<p>f\u00fcr<\/p>\n<p>www.hausopderbeck.de<\/p>\n<h3><strong>I. Wer ist der Verantwortliche und wie erreiche ich den Datenschutzbeauftragten?<\/strong><\/h3>\n<p>Verantwortlich:<\/p>\n<p>Christiane Neuhaus<br \/>\nhaus opderbeck<br \/>\nOpderbeckstr. 29<br \/>\n58515 L\u00fcdenscheid<\/p>\n<p>Datenschutzbeauftragter:<\/p>\n<p>JURANDO GmbH<br \/>\nRathausplatz 21<br \/>\nD-58507 L\u00fcdenscheid<\/p>\n<p>Unseren Datenschutzbeauftragten, die JURANDO GmbH <a href=\"https:\/\/www.jurando.de\" target=\"_blank\" rel=\"noopener noreferrer\">https:\/\/www.jurando.de<\/a> erreichen Sie unter <a href=\"mailto:datenschutz@hausopderbeck.de\">datenschutz@hausopderbeck.de<\/a> oder per Post unter unserer Anschrift mit dem Zusatz \u201eDatenschutzbeauftragter\u201c.<\/p>\n<h3><strong>II. Welche Rechte haben Sie?<\/strong><\/h3>\n<p>Sie haben uns gegen\u00fcber folgende Rechte hinsichtlich der Sie betreffenden personenbezogenen<\/p>\n<p>Daten:<\/p>\n<ul>\n<li>Recht auf Auskunft (Art. 15 DSGVO),<\/li>\n<li>Recht auf Berichtigung (Art. 16 DSGVO),<\/li>\n<li>Recht auf L\u00f6schung (Art. 17 DSGVO),<\/li>\n<li>Recht auf Einschr\u00e4nkung der Verarbeitung (Art. 18 DSGVO),<\/li>\n<li>Recht auf Daten\u00fcbertragbarkeit (Art. 20 DSGVO),<\/li>\n<li>Recht auf Widerspruch gegen die Verarbeitung (Art. 21 DSGVO).<\/li>\n<\/ul>\n<p>Sie k\u00f6nnen sich auch gem. Art 77 DSGVO bei einer Datenschutz-Aufsichtsbeh\u00f6rde \u00fcber uns beschweren.<\/p>\n<p>Haben Sie uns eine Einwilligung erteilt, k\u00f6nnen Sie diese jederzeit widerrufen, ohne dass die Rechtm\u00e4\u00dfigkeit der bis zum Widerruf erfolgten Verarbeitung ber\u00fchrt wird.<\/p>\n<h3><strong>III. Zu welchen Zwecken und auf welchen Rechtsgrundlagen verarbeiten wir personenbezogene Daten?<\/strong><\/h3>\n<p><strong>Besuch unserer Website<\/strong><\/p>\n<p>Beim rein informatorischen Besuch unserer Website, wenn Sie uns also nicht anderweitig Informationen \u00fcbermitteln, erheben wir nur diejenigen personenbezogenen Daten, die uns Ihr Browser \u00fcbermittelt. Dies sind:<\/p>\n<ul>\n<li>IP-Adresse Ihres Systems,<\/li>\n<li>Datum und Uhrzeit (inkl. Zeitzone) Ihrer Anfrage,<\/li>\n<li>Typ, Inhalt und Protokollversion Ihrer Anfrage (konkreter Seitenaufruf), \u2013Zugriffsstatus (HTTP-Statuscode) unseres Servers, \u2013Gr\u00f6\u00dfe unserer Serverantwort in Bytes,<\/li>\n<li>Website, von der die Anfrage kommt (so genannter \u201eReferrer\u201c), \u2013Ihr User-Agent (Typ, Version, verwendetes Betriebssystem) und \u2013die von Ihnen aufgerufene Domain.<\/li>\n<li>Wir speichern diese Daten auch in Log-Dateien.<\/li>\n<\/ul>\n<p>Die genannten Daten sind f\u00fcr uns technisch erforderlich, um unsere Website anzuzeigen, die Stabilit\u00e4t und Sicherheit zu gew\u00e4hrleisten und unser Angebot zu optimieren.<\/p>\n<p>Rechtsgrundlage ist Art. 6 Abs. 1 lit. f DSGVO, wobei sich unser berechtigtes Interesse aus den oben genannten Zwecken ergibt.<\/p>\n<p>Wir l\u00f6schen diese Daten sp\u00e4testens nach sieben Tagen. Eine dar\u00fcber hinausgehende Speicherung findet nur statt, wenn die personenbezogenen Daten entsprechend gel\u00f6scht oder anonymisiert wurden; bei IP-Adressen geschieht dies bspw. durch eine datenschutzkonforme K\u00fcrzung.<\/p>\n<p><strong>Cookies<\/strong><\/p>\n<p>Wir setzen auf unserer Seite Cookies ein. Bei Cookies handelt es sich um kleine Textdateien, die auf Ihrem System gespeichert werden und durch welche uns bestimmte Informationen zuflie\u00dfen.<\/p>\n<p>Auf unserer Website nutzen wir transiente und persistente Cookies. Transiente Cookies werden automatisiert gel\u00f6scht, wenn Sie den Browser schlie\u00dfen. Dazu z\u00e4hlen insbesondere die Session-Cookies. Diese speichern eine sogenannte Session-ID, mit welcher sich verschiedene Anfragen Ihres Browsers der gemeinsamen Sitzung zuordnen lassen. Dadurch kann Ihr Rechner wiedererkannt werden, wenn Sie auf unsere Website zur\u00fcckkehren. Die Session-Cookies werden gel\u00f6scht, wenn Sie sich ausloggen oder den Browser schlie\u00dfen. Persistente Cookies werden automatisiert nach einer vorgegebenen Dauer gel\u00f6scht, die sich je nach Cookie unterscheiden kann. Sie k\u00f6nnen die Cookies in den Sicherheitseinstellungen Ihres Browsers jederzeit l\u00f6schen.<\/p>\n<p>Sie k\u00f6nnen Ihre Browser-Einstellung entsprechend Ihren W\u00fcnschen konfigurieren und z.\u2009B. die Annahme von Third-Party-Cookies oder allen Cookies ablehnen. Wir weisen Sie darauf hin, dass Sie in diesem Fall eventuell nicht alle Funktionen dieser Website nutzen k\u00f6nnen.<\/p>\n<p>Au\u00dferdem setzen wir Cookies ein, um Sie f\u00fcr Folgebesuche identifizieren zu k\u00f6nnen, falls Sie \u00fcber einen Account bei uns verf\u00fcgen. Andernfalls m\u00fcssten Sie sich f\u00fcr jeden Besuch erneut einloggen.<\/p>\n<p>Der Einsatz von Cookies dient dazu, die Nutzung unseres Angebots f\u00fcr Sie angenehmer zu gestalten und die Benutzerfreundlichkeit zu optimieren. Zum anderen setzen wir Cookies ein, um die Nutzung unserer Website statistisch zu erfassen und zum Zwecke der Optimierung unseres Angebotes f\u00fcr Sie auszuwerten. Diese Cookies erm\u00f6glichen es uns, bei einem erneuten Besuch unserer Seite automatisch zu erkennen, dass Sie bereits bei uns waren. Diese Cookies werden nach einer jeweils definierten Zeit automatisch gel\u00f6scht.<\/p>\n<p>Bei Aufruf unserer Website machen wir Sie durch einen Cookie-Hinweis, der auf diese Datenschutzerkl\u00e4rung verweist, auf den Einsatz der Cookies aufmerksam. Dort k\u00f6nnen Sie auch in die Nutzung der Cookies einwilligen.<\/p>\n<p>Rechtsgrundlage ist Art. 6 Abs. 1 lit. f DSGVO, wobei sich unser berechtigtes Interesse aus den oben genannten Zwecken ergibt. Willigen Sie in die Nutzung von Cookies ein, ist Rechtsgrundlage Art. 6 Abs. 1 lit. a DSGVO.<\/p>\n<p><strong>E-Mail-Kontakt<\/strong><\/p>\n<p>Nehmen Sie \u00fcber die von uns angegebenen E-Mail-Adressen Kontakt mit uns auf, speichern wir die von Ihnen \u00fcbermittelten personenbezogenen Daten, um Ihre Anfragen zu beantworten. Ihre Angaben k\u00f6nnen in einem Customer-Relationship-Management System (&#8222;CRM System&#8220;) oder einer vergleichbaren Software gespeichert werden.<\/p>\n<p>Im Zuge des Transports bzw. der Zustellung Ihrer E-Mail werden zudem regelm\u00e4\u00dfig Logdaten erzeugt, die bspw. auch die IP-Adresse des von Ihnen verwendeten E-Mail-Servers enthalten. Diese Logdaten sind f\u00fcr die Sicherstellung des ordnungsgem\u00e4\u00dfen Betriebs unseres E-Mail-Servers notwendig und dienen zudem als Nachweis bei Serverproblemen bzw. Sicherheitsvorf\u00e4llen.<\/p>\n<p>Rechtsgrundlage ist Art. 6 Abs. 1 lit. f DSGVO, wobei sich unser berechtigtes Interesse aus den oben genannten Zwecken ergibt. Zielt die Kontaktaufnahme auf einen Vertragsschluss oder erfolgt die Kontaktaufnahme im Rahmen eines bestehenden Vertragsverh\u00e4ltnisses, ist Rechtsgrundlage Art. 6 Abs. 1 lit. b DSGVO.<\/p>\n<p>Die Daten werden gel\u00f6scht, wenn die Anfrage abschlie\u00dfend bearbeitet wurde, wenn wir nicht gesetzlich zur Aufbewahrung verpflichtet sind oder wir die Daten zur Vertragserf\u00fcllung ben\u00f6tigen. Daneben k\u00f6nnen Sie der Verarbeitung jederzeit widersprechen, wenn die Verarbeitung auf Grund eines berechtigten Interesses erfolgt. Die Logdaten auf unserem E-Mail-Server werden sp\u00e4testens nach sieben Tagen gel\u00f6scht.<\/p>\n<p><strong>Kommentarfunktion in unserem Blog<\/strong><\/p>\n<p>Um Kommentare zu Beitr\u00e4gen in unserem Blog erstellen zu k\u00f6nnen, m\u00fcssen Sie ein Nutzerkonto anlegen. Dabei m\u00fcssen Sie nur Ihren Benutzernamen und Ihre E-Mail-Adresse angeben. Wir empfehlen, ein Pseudonym statt Ihres richtigen Namens als Benutzernamen zu w\u00e4hlen. Die Registrierung erfolgt im sog. double-opt-in-Verfahren. Dabei m\u00fcssen Sie Ihre Anmeldung \u00fcber eine zu diesem Zweck zugesandte Best\u00e4tigungs-E-Mail, die einen Link enth\u00e4lt, best\u00e4tigen. Die Best\u00e4tigung ist nur binnen 24 Stunden m\u00f6glich. Erfolgt keine Best\u00e4tigung, l\u00f6schen wir die Daten.<\/p>\n<p>Bei Ihrem Kommentar wird nur Ihr Benutzername ver\u00f6ffentlicht. Wenn Sie einen Kommentar schreiben, speichern wir Ihre IP-Adresse, um uns in F\u00e4llen der Ver\u00f6ffentlichung widerrechtlicher Inhalte gegen Anspr\u00fcche verteidigen zu k\u00f6nnen. Wir l\u00f6schen die IP-Adresse nach sp\u00e4testens sieben Tagen. Ihre E-Mail-Adresse ben\u00f6tigen wir, um Kontakt mit Ihnen aufzunehmen, fall ein Dritter Ihren Kommentar als rechtwidrig beanstanden sollte.<\/p>\n<p>Rechtsgrundlagen sind Art. 6 Abs. 1 lit. b und f DSGVO, wobei sich unser berechtigtes Interesse aus den oben genannten Zwecken ergibt.<\/p>\n<p>Wir l\u00f6schen Ihre Daten, mit Ausnahme Ihres Benutzernamens und Ihrer Beitr\u00e4ge, wenn Sie Ihr Nutzerkonto l\u00f6schen.<\/p>\n<p><strong>Google Analytics<\/strong><\/p>\n<p>Diese Website benutzt Google Analytics, einen Webanalysedienst der Google Inc. (\u201eGoogle\u201c). Google Analytics verwendet sog. \u201eCookies\u201c, Textdateien, die auf Ihrem Computer gespeichert werden und die eine Analyse der Benutzung der Website durch Sie erm\u00f6glichen. Die durch den Cookie erzeugten Informationen \u00fcber Ihre Benutzung dieser Website werden in der Regel an einen Server von Google in den USA \u00fcbertragen und dort gespeichert. Im Falle der Aktivierung der IP-Anonymisierung auf dieser Website, wird Ihre IP- Adresse von Google jedoch innerhalb von Mitgliedstaaten der Europ\u00e4ischen Union oder in anderen Vertragsstaaten des Abkommens \u00fcber den Europ\u00e4ischen Wirtschaftsraum zuvor gek\u00fcrzt. Nur in Ausnahmef\u00e4llen wird die volle IP-Adresse an einen Server von Google in den USA \u00fcbertragen und dort gek\u00fcrzt. Im Auftrag des Betreibers dieser Website wird Google diese Informationen benutzen, um Ihre Nutzung der Website auszuwerten, um Reports \u00fcber die Website-Aktivit\u00e4ten zusammenzustellen und um weitere mit der Website-Nutzung und der Internetnutzung verbundene Dienstleistungen gegen\u00fcber dem Website-Betreiber zu erbringen.<\/p>\n<p>Die im Rahmen von Google Analytics von Ihrem Browser \u00fcbermittelte IP-Adresse wird nicht mit anderen Daten von Google zusammengef\u00fchrt.<\/p>\n<p>Sie k\u00f6nnen die Speicherung der Cookies durch eine entsprechende Einstellung Ihrer Browser-Software verhindern; wir weisen Sie jedoch darauf hin, dass Sie in diesem Fall gegebenenfalls nicht s\u00e4mtliche Funktionen dieser Website vollumf\u00e4nglich werden nutzen k\u00f6nnen. Sie k\u00f6nnen dar\u00fcber hinaus die Erfassung der durch das Cookie erzeugten und auf Ihre Nutzung der Website bezogenen Daten (inkl. Ihrer IP-Adresse) an Google sowie die Verarbeitung dieser Daten durch Google verhindern, indem sie das unter dem folgenden Link verf\u00fcgbare Browser-Plug-in herunterladen und installieren: http:\/\/tools.google.com\/dlpage\/gaoptout?hl=de.<\/p>\n<p>Diese Website verwendet Google Analytics mit der Erweiterung \u201e _anonymizeIp()\u201c. Dadurch werden IP &#8211; Adressen gek\u00fcrzt weiterverarbeitet, eine Personenbeziehbarkeit kann damit ausgeschlossen werden. Soweit den \u00fcber Sie erhobenen Daten ein Personenbezug zukommt, wird dieser also sofort ausgeschlossen und die personenbezogenen Daten damit umgehend gel\u00f6scht.<\/p>\n<p>Wir nutzen Google Analytics, um die Nutzung unserer Website analysieren und regelm\u00e4\u00dfig verbessern zu k\u00f6nnen. \u00dcber die gewonnenen Statistiken k\u00f6nnen wir unser Angebot verbessern und f\u00fcr Sie als Nutzer interessanter ausgestalten. F\u00fcr die Ausnahmef\u00e4lle, in denen personenbezogene Daten in die USA \u00fcbertragen werden, hat sich Google dem EU- US Privacy Shield unterworfen, https:\/\/www.privacyshield.gov\/EU-US-Framework.<\/p>\n<p>Rechtsgrundlage f\u00fcr die Nutzung von Google Analytics ist Art. 6 Abs. 1 lit. f DSGVO. Unser berechtigtes Interesse ergibt sich aus Optimierungs &#8211; und Marketingzwecken, f\u00fcr die wir die Ergebnisse von Google Analytics einsetzen. Haben Sie in die Nutzung eingewilligt, ist Rechtsgrundlage Art. 6 Abs. 1 lit. a DSGVO.<\/p>\n<p>Informationen des Drittanbieters: Google Dublin, Google Ireland Ltd., Gordon House, Barrow Street,<\/p>\n<p>Dublin 4, Ireland, Fax: +353 (1) 436\u20091001.<\/p>\n<p>Nutzerbedingungen: http:\/\/www.google.com\/analytics\/terms\/de.html,<\/p>\n<p>\u00dcbersicht zum Datenschutz: http:\/\/www.google.com\/intl\/de\/analytics\/learn\/privacy.html<\/p>\n<p>sowie die Datenschutzerkl\u00e4rung: http:\/\/www.google.de\/intl\/de\/policies\/privacy.<\/p>\n<p><strong>Google Maps<\/strong><\/p>\n<p>Auf dieser Webseite nutzen wir das Angebot von Google Maps. Dadurch k\u00f6nnen wir Ihnen interaktive Karten direkt in der Website anzeigen und erm\u00f6glichen Ihnen die komfortable Nutzung der Karten-Funktion.<\/p>\n<p>Durch den Besuch auf der Website erh\u00e4lt Google die Information, dass Sie die entsprechende Unterseite unserer Website aufgerufen haben. Zudem werden die beim Besuch unserer Website erhobenen Daten \u00fcbermittelt. Dies erfolgt unabh\u00e4ngig davon, ob Google ein Nutzerkonto bereitstellt, \u00fcber das Sie eingeloggt sind, oder ob kein Nutzerkonto besteht. Wenn Sie bei Google eingeloggt sind, werden Ihre Daten direkt Ihrem Konto zugeordnet. Wenn Sie die Zuordnung mit Ihrem Profil bei Google nicht w\u00fcnschen, m\u00fcssen Sie sich vor Aktivierung des Buttons ausloggen. Google speichert Ihre Daten als Nutzungsprofile und nutzt sie f\u00fcr Zwecke der Werbung, Marktforschung und\/oder bedarfsgerechten Gestaltung seiner Website. Eine solche Auswertung erfolgt insbesondere (selbst f\u00fcr nicht eingeloggte Nutzer) zur Erbringung von bedarfsgerechter Werbung und um andere Nutzer des sozialen Netzwerks \u00fcber Ihre Aktivit\u00e4ten auf unserer Website zu informieren. Ihnen steht ein Widerspruchsrecht zu gegen die Bildung dieser Nutzerprofile, wobei Sie sich zur Aus\u00fcbung dessen an Google richten m\u00fcssen.<\/p>\n<p>Weitere Informationen zu Zweck und Umfang der Datenerhebung und ihrer Verarbeitung durch den Plug-in- Anbieter erhalten Sie in den Datenschutzerkl\u00e4rungen des Anbieters. Dort erhalten Sie auch weitere Informationen zu Ihren diesbez\u00fcglichen Rechten und Einstellungsm\u00f6glichkeiten zum Schutze Ihrer Privatsph\u00e4re: http:\/\/www.google.de\/intl\/de\/policies\/privacy. Google verarbeitet Ihre personenbezogenen Daten auch in den USA und hat sich dem EU-US Privacy Shield unterworfen, https:\/\/www.privacyshield.gov\/EU-US-Framework.<br \/>\nRechtsgrundlage f\u00fcr den Einsatz von Google Maps ist Art. 6 Abs. 1 lit. f DSGVO, wobei sich unser berechtigtes Interesse aus den genannten Marketingzwecken ergibt.<\/p>\n<p><strong>Google Web Fonts<\/strong><\/p>\n<p>Diese Seite nutzt zur einheitlichen Darstellung von Schriftarten so genannte Web Fonts, die von Google bereitgestellt werden. Beim Aufruf einer Seite l\u00e4dt Ihr Browser die ben\u00f6tigten Web Fonts in ihren Browsercache, um Texte und Schriftarten korrekt anzuzeigen.<\/p>\n<p>Zu diesem Zweck muss der von Ihnen verwendete Browser Verbindung zu den Servern von Google aufnehmen. Hierdurch erlangt Google Kenntnis dar\u00fcber, dass \u00fcber Ihre IP- Adresse unsere Website aufgerufen wurde. Die Nutzung von Google Web Fonts erfolgt im Interesse einer einheitlichen und ansprechenden Darstellung unserer Online-Angebote. Dies stellt ein berechtigtes Interesse im Sinne der Rechtsgrundlage des Art. 6 Abs. 1 lit. f DSGVO dar.<\/p>\n<p>Wenn Ihr Browser Web Fonts nicht unterst\u00fctzt, wird eine Standardschrift von Ihrem Computer genutzt. Weitere Informationen zu Google Web Fonts finden Sie unter https:\/\/developers.googl<\/p>\n<p><strong>Bewerberdaten<\/strong><\/p>\n<p>\u00dcbermitteln Sie uns Ihre Bewerbung, verarbeiten wir die uns \u00fcbermittelten Daten zur Erf\u00fcllung unserer (vor)vertraglichen Verpflichtungen im Rahmen des Bewerbungsverfahrens. Ist Ihre Bewerbung erfolgreich, verarbeiten wir die Daten zum Zwecke der Durchf\u00fchrung des Besch\u00e4ftigungsverh\u00e4ltnisses weiter.<\/p>\n<p>Rechtsgrundlagen sind Art. 6 Abs. 1 lit. b DSGVO und \u00a7 26 BDSG. \u00dcbermitteln Sie uns freiwillig besondere Kategorien von personenbezogenen Daten, wie z.B. Gesundheitsdaten oder Religionszugeh\u00f6rigkeit, ist Rechtsgrundlage zus\u00e4tzlich Art. 9 Abs. 2 lit. b DSGVO.<\/p>\n<p>Ist Ihre Bewerbung nicht erfolgreich, l\u00f6schen wir Ihre Daten nach sp\u00e4testens sechs Monaten. Die Speicherung bis dahin erfolgt zur Beantwortung etwaiger Nachfragen zum Bewerbungsverfahren und zur Erf\u00fcllung unserer Nachweispflichten aus dem AGG. Ziehen Sie Ihre Bewerbung zur\u00fcck, l\u00f6schen wir Ihre Daten sofort.<\/p>\n","protected":false},"excerpt":{"rendered":"<p>Datenschutzerkl\u00e4rung f\u00fcr www.hausopderbeck.de I. Wer ist der Verantwortliche und wie erreiche ich den Datenschutzbeauftragten? Verantwortlich: Christiane Neuhaus haus opderbeck Opderbeckstr. 29 58515 L\u00fcdenscheid Datenschutzbeauftragter: JURANDO GmbH Rathausplatz 21 D-58507 L\u00fcdenscheid Unseren Datenschutzbeauftragten, die JURANDO GmbH https:\/\/www.jurando.de erreichen Sie unter datenschutz@hausopderbeck.de oder per Post unter unserer Anschrift mit dem Zusatz \u201eDatenschutzbeauftragter\u201c. II. Welche Rechte haben Sie? Sie haben uns gegen\u00fcber folgende [&hellip;]<\/p>\n","protected":false},"author":1,"featured_media":0,"parent":0,"menu_order":0,"comment_status":"closed","ping_status":"closed","template":"","meta":{"footnotes":""},"class_list":["post-378","page","type-page","status-publish","hentry"],"_links":{"self":[{"href":"https:\/\/hausopderbeck.de\/index.php?rest_route=\/wp\/v2\/pages\/378","targetHints":{"allow":["GET"]}}],"collection":[{"href":"https:\/\/hausopderbeck.de\/index.php?rest_route=\/wp\/v2\/pages"}],"about":[{"href":"https:\/\/hausopderbeck.de\/index.php?rest_route=\/wp\/v2\/types\/page"}],"author":[{"embeddable":true,"href":"https:\/\/hausopderbeck.de\/index.php?rest_route=\/wp\/v2\/users\/1"}],"replies":[{"embeddable":true,"href":"https:\/\/hausopderbeck.de\/index.php?rest_route=%2Fwp%2Fv2%2Fcomments&post=378"}],"version-history":[{"count":5,"href":"https:\/\/hausopderbeck.de\/index.php?rest_route=\/wp\/v2\/pages\/378\/revisions"}],"predecessor-version":[{"id":392,"href":"https:\/\/hausopderbeck.de\/index.php?rest_route=\/wp\/v2\/pages\/378\/revisions\/392"}],"wp:attachment":[{"href":"https:\/\/hausopderbeck.de\/index.php?rest_route=%2Fwp%2Fv2%2Fmedia&parent=378"}],"curies":[{"name":"wp","href":"https:\/\/api.w.org\/{rel}","templated":true}]}}