{"id":22,"date":"2013-12-06T08:28:19","date_gmt":"2013-12-06T08:28:19","guid":{"rendered":"http:\/\/mistermusiker.com\/ho\/?page_id=22"},"modified":"2022-01-20T14:21:32","modified_gmt":"2022-01-20T14:21:32","slug":"jobs","status":"publish","type":"page","link":"https:\/\/hausopderbeck.de\/?page_id=22","title":{"rendered":"Jobs"},"content":{"rendered":"[spb_parallax parallax_type=&#8220;image&#8220; bg_image=&#8220;218&#8243; bg_type=&#8220;cover&#8220; parallax_video_height=&#8220;video-height&#8220; parallax_video_overlay=&#8220;none&#8220; parallax_image_height=&#8220;content-height&#8220; parallax_image_movement=&#8220;fixed&#8220; parallax_image_speed=&#8220;0.5&#8243; padding_horizontal=&#8220;15&#8243; alt_background=&#8220;none&#8220; width=&#8220;1\/1&#8243; el_position=&#8220;first last&#8220;]\n<p>.<\/p>\n[\/spb_parallax] [fullwidth_text alt_background=&#8220;none&#8220; width=&#8220;1\/1&#8243; el_position=&#8220;first last&#8220;]\n<div class=\"page\" title=\"Page 1\">\n<div class=\"layoutArea\">\n<div class=\"column\">\n<p>Zur Zeit gibt es keine offenen Stellen.<\/p>\n<p>Wenn unser Konzept Sie \u00fcberzeugt hat, w\u00fcrden wir uns dennoch \u00fcber Ihre Initiativbewerbung freuen.<\/p>\n<p>Ihre Bewerbung richten Sie bitte per E-Mail an <a href=\"mailto:christiane.neuhaus@hausopderbeck.de\">christiane.neuhaus@hausopderbeck.de<\/a> oder per Post an das:<\/p>\n<p>haus opderbeck<br \/>\nOpderbeckstr. 29<br \/>\n58515 L\u00fcdenscheid<\/p>\n<\/div>\n<\/div>\n<\/div>\n[\/fullwidth_text] [divider type=&#8220;standard&#8220; text=&#8220;Go to top&#8220; full_width=&#8220;no&#8220; width=&#8220;1\/1&#8243; el_position=&#8220;first last&#8220;]\n","protected":false},"excerpt":{"rendered":"<p>[spb_parallax parallax_type=&#8220;image&#8220; bg_image=&#8220;218&#8243; bg_type=&#8220;cover&#8220; parallax_video_height=&#8220;video-height&#8220; parallax_video_overlay=&#8220;none&#8220; parallax_image_height=&#8220;content-height&#8220; parallax_image_movement=&#8220;fixed&#8220; parallax_image_speed=&#8220;0.5&#8243; padding_horizontal=&#8220;15&#8243; alt_background=&#8220;none&#8220; width=&#8220;1\/1&#8243; el_position=&#8220;first last&#8220;] . [\/spb_parallax] [fullwidth_text alt_background=&#8220;none&#8220; width=&#8220;1\/1&#8243; el_position=&#8220;first last&#8220;] Zur Zeit gibt es keine offenen Stellen. Wenn unser Konzept Sie \u00fcberzeugt hat, w\u00fcrden wir uns dennoch \u00fcber Ihre Initiativbewerbung freuen. Ihre Bewerbung richten Sie bitte per E-Mail an christiane.neuhaus@hausopderbeck.de oder per Post an das: haus opderbeck Opderbeckstr. 29 [&hellip;]<\/p>\n","protected":false},"author":1,"featured_media":0,"parent":0,"menu_order":0,"comment_status":"closed","ping_status":"closed","template":"","meta":{"footnotes":""},"class_list":["post-22","page","type-page","status-publish","hentry"],"_links":{"self":[{"href":"https:\/\/hausopderbeck.de\/index.php?rest_route=\/wp\/v2\/pages\/22","targetHints":{"allow":["GET"]}}],"collection":[{"href":"https:\/\/hausopderbeck.de\/index.php?rest_route=\/wp\/v2\/pages"}],"about":[{"href":"https:\/\/hausopderbeck.de\/index.php?rest_route=\/wp\/v2\/types\/page"}],"author":[{"embeddable":true,"href":"https:\/\/hausopderbeck.de\/index.php?rest_route=\/wp\/v2\/users\/1"}],"replies":[{"embeddable":true,"href":"https:\/\/hausopderbeck.de\/index.php?rest_route=%2Fwp%2Fv2%2Fcomments&post=22"}],"version-history":[{"count":24,"href":"https:\/\/hausopderbeck.de\/index.php?rest_route=\/wp\/v2\/pages\/22\/revisions"}],"predecessor-version":[{"id":437,"href":"https:\/\/hausopderbeck.de\/index.php?rest_route=\/wp\/v2\/pages\/22\/revisions\/437"}],"wp:attachment":[{"href":"https:\/\/hausopderbeck.de\/index.php?rest_route=%2Fwp%2Fv2%2Fmedia&parent=22"}],"curies":[{"name":"wp","href":"https:\/\/api.w.org\/{rel}","templated":true}]}}