{"id":147,"date":"2013-12-09T12:13:38","date_gmt":"2013-12-09T12:13:38","guid":{"rendered":"http:\/\/mistermusiker.com\/ho\/?page_id=147"},"modified":"2022-01-18T09:04:38","modified_gmt":"2022-01-18T09:04:38","slug":"grundleistungen","status":"publish","type":"page","link":"https:\/\/hausopderbeck.de\/?page_id=147","title":{"rendered":"Leistungen"},"content":{"rendered":"[spb_parallax parallax_type=&#8220;image&#8220; bg_image=&#8220;218&#8243; bg_type=&#8220;cover&#8220; parallax_video_height=&#8220;video-height&#8220; parallax_video_overlay=&#8220;none&#8220; parallax_image_height=&#8220;content-height&#8220; parallax_image_movement=&#8220;fixed&#8220; parallax_image_speed=&#8220;0.5&#8243; padding_horizontal=&#8220;15&#8243; alt_background=&#8220;none&#8220; width=&#8220;1\/1&#8243; el_position=&#8220;first last&#8220;]\n<p>.<\/p>\n[\/spb_parallax] [spb_text_block title=&#8220;Grundleistungen&#8220; pb_margin_bottom=&#8220;no&#8220; pb_border_bottom=&#8220;no&#8220; width=&#8220;1\/1&#8243; el_position=&#8220;first last&#8220;]\n<ul>\n<li>Geregeltes Aufnahmeverfahren<\/li>\n<li>Aufsicht und Betreuung<\/li>\n<li>Teilhabe am Gemeinschaftsleben<\/li>\n<li>Gestaltung von Gruppenatmosph\u00e4re und Wohnumfeld<\/li>\n<li>Allt\u00e4gliche Versorgung<\/li>\n<li>Freizeitgestaltung<\/li>\n<li>Schaffung und Voraussetzung f\u00fcr eine gesunde k\u00f6rperliche Entwicklung<\/li>\n<li>Ein\u00fcbung lebenspraktischer Fertigkeiten<\/li>\n<li>Sozial-emotionale F\u00f6rderung der Pers\u00f6nlichkeitsentwicklung<\/li>\n<li>F\u00f6rderung des Sozialverhaltens<\/li>\n<li>Entwicklungsdiagnostik, Hilfeplanung<\/li>\n<li>Familiensystemische Arbeit mit der Herkunftsfamilie<\/li>\n<li>Vorbereitung einer R\u00fcckf\u00fchrung in die Herkunftsfamilie<\/li>\n<li>Wechsel der Betreuungsform<\/li>\n<li>Anregung und F\u00f6rderung zur Verselbst\u00e4ndigung<\/li>\n<li>\u00dcbergang in das Betreute Wohnen<\/li>\n<li>Nachbetreuung<\/li>\n<li>Klientenbezogene Verwaltungsarbeiten<\/li>\n<li>Partizipation und Beschwerdemanagement<\/li>\n<li>Sexualp\u00e4dagogisches Konzept<\/li>\n<\/ul>\n[\/spb_text_block] [spb_text_block title=&#8220;Zusatzleistungen&#8220; pb_margin_bottom=&#8220;no&#8220; pb_border_bottom=&#8220;no&#8220; width=&#8220;1\/1&#8243; el_position=&#8220;first last&#8220;]\n<ul>\n<li>Besonders betreuungsintensive und familientherapeutische Leistungen, face to face Fachleistungen, m\u00fcssen im Einzelfall in Form von Zusatzleistungen erg\u00e4nzt werden.<\/li>\n<\/ul>\n<h4><\/h4>\n[\/spb_text_block]\n","protected":false},"excerpt":{"rendered":"<p>[spb_parallax parallax_type=&#8220;image&#8220; bg_image=&#8220;218&#8243; bg_type=&#8220;cover&#8220; parallax_video_height=&#8220;video-height&#8220; parallax_video_overlay=&#8220;none&#8220; parallax_image_height=&#8220;content-height&#8220; parallax_image_movement=&#8220;fixed&#8220; parallax_image_speed=&#8220;0.5&#8243; padding_horizontal=&#8220;15&#8243; alt_background=&#8220;none&#8220; width=&#8220;1\/1&#8243; el_position=&#8220;first last&#8220;] . [\/spb_parallax] [spb_text_block title=&#8220;Grundleistungen&#8220; pb_margin_bottom=&#8220;no&#8220; pb_border_bottom=&#8220;no&#8220; width=&#8220;1\/1&#8243; el_position=&#8220;first last&#8220;] Geregeltes Aufnahmeverfahren Aufsicht und Betreuung Teilhabe am Gemeinschaftsleben Gestaltung von Gruppenatmosph\u00e4re und Wohnumfeld Allt\u00e4gliche Versorgung Freizeitgestaltung Schaffung und Voraussetzung f\u00fcr eine gesunde k\u00f6rperliche Entwicklung Ein\u00fcbung lebenspraktischer Fertigkeiten Sozial-emotionale F\u00f6rderung der Pers\u00f6nlichkeitsentwicklung F\u00f6rderung des Sozialverhaltens Entwicklungsdiagnostik, Hilfeplanung Familiensystemische [&hellip;]<\/p>\n","protected":false},"author":1,"featured_media":0,"parent":0,"menu_order":0,"comment_status":"closed","ping_status":"closed","template":"","meta":{"footnotes":""},"class_list":["post-147","page","type-page","status-publish","hentry"],"_links":{"self":[{"href":"https:\/\/hausopderbeck.de\/index.php?rest_route=\/wp\/v2\/pages\/147","targetHints":{"allow":["GET"]}}],"collection":[{"href":"https:\/\/hausopderbeck.de\/index.php?rest_route=\/wp\/v2\/pages"}],"about":[{"href":"https:\/\/hausopderbeck.de\/index.php?rest_route=\/wp\/v2\/types\/page"}],"author":[{"embeddable":true,"href":"https:\/\/hausopderbeck.de\/index.php?rest_route=\/wp\/v2\/users\/1"}],"replies":[{"embeddable":true,"href":"https:\/\/hausopderbeck.de\/index.php?rest_route=%2Fwp%2Fv2%2Fcomments&post=147"}],"version-history":[{"count":14,"href":"https:\/\/hausopderbeck.de\/index.php?rest_route=\/wp\/v2\/pages\/147\/revisions"}],"predecessor-version":[{"id":402,"href":"https:\/\/hausopderbeck.de\/index.php?rest_route=\/wp\/v2\/pages\/147\/revisions\/402"}],"wp:attachment":[{"href":"https:\/\/hausopderbeck.de\/index.php?rest_route=%2Fwp%2Fv2%2Fmedia&parent=147"}],"curies":[{"name":"wp","href":"https:\/\/api.w.org\/{rel}","templated":true}]}}